{"id":215,"date":"2020-08-30T16:18:35","date_gmt":"2020-08-30T14:18:35","guid":{"rendered":"https:\/\/osrodekpolanica.pl\/?page_id=215"},"modified":"2025-05-15T13:00:38","modified_gmt":"2025-05-15T11:00:38","slug":"fundacja","status":"publish","type":"page","link":"https:\/\/osrodekpolanica.pl\/?page_id=215","title":{"rendered":"Fundacja"},"content":{"rendered":"\t\t<div data-elementor-type=\"wp-page\" data-elementor-id=\"215\" class=\"elementor elementor-215\" data-elementor-post-type=\"page\">\n\t\t\t\t\t\t<section class=\"elementor-section elementor-top-section elementor-element elementor-element-5619328 elementor-section-boxed elementor-section-height-default elementor-section-height-default\" data-id=\"5619328\" data-element_type=\"section\" data-e-type=\"section\">\n\t\t\t\t\t\t<div class=\"elementor-container elementor-column-gap-default\">\n\t\t\t\t\t<div class=\"elementor-column elementor-col-100 elementor-top-column elementor-element elementor-element-94ccd15\" data-id=\"94ccd15\" data-element_type=\"column\" data-e-type=\"column\">\n\t\t\t<div class=\"elementor-widget-wrap elementor-element-populated\">\n\t\t\t\t\t\t<div class=\"elementor-element elementor-element-7fd9dbb elementor-widget elementor-widget-image\" data-id=\"7fd9dbb\" data-element_type=\"widget\" data-e-type=\"widget\" data-widget_type=\"image.default\">\n\t\t\t\t<div class=\"elementor-widget-container\">\n\t\t\t\t\t\t\t\t\t\t\t\t\t\t\t<img fetchpriority=\"high\" decoding=\"async\" width=\"740\" height=\"278\" src=\"https:\/\/osrodekpolanica.pl\/wp-content\/uploads\/2020\/12\/Fundacja-Szansa-nowe-Logo-1024x385.jpg\" class=\"attachment-large size-large wp-image-264\" alt=\"\" srcset=\"https:\/\/osrodekpolanica.pl\/wp-content\/uploads\/2020\/12\/Fundacja-Szansa-nowe-Logo-1024x385.jpg 1024w, https:\/\/osrodekpolanica.pl\/wp-content\/uploads\/2020\/12\/Fundacja-Szansa-nowe-Logo-300x113.jpg 300w, https:\/\/osrodekpolanica.pl\/wp-content\/uploads\/2020\/12\/Fundacja-Szansa-nowe-Logo-768x288.jpg 768w, https:\/\/osrodekpolanica.pl\/wp-content\/uploads\/2020\/12\/Fundacja-Szansa-nowe-Logo-1536x577.jpg 1536w, https:\/\/osrodekpolanica.pl\/wp-content\/uploads\/2020\/12\/Fundacja-Szansa-nowe-Logo-2048x769.jpg 2048w\" sizes=\"100vw\" \/>\t\t\t\t\t\t\t\t\t\t\t\t\t\t\t<\/div>\n\t\t\t\t<\/div>\n\t\t\t\t\t<\/div>\n\t\t<\/div>\n\t\t\t\t\t<\/div>\n\t\t<\/section>\n\t\t\t\t<section class=\"elementor-section elementor-top-section elementor-element elementor-element-c9a8393 elementor-section-boxed elementor-section-height-default elementor-section-height-default\" data-id=\"c9a8393\" data-element_type=\"section\" data-e-type=\"section\">\n\t\t\t\t\t\t<div class=\"elementor-container elementor-column-gap-default\">\n\t\t\t\t\t<div class=\"elementor-column elementor-col-100 elementor-top-column elementor-element elementor-element-81fe952\" data-id=\"81fe952\" data-element_type=\"column\" data-e-type=\"column\">\n\t\t\t<div class=\"elementor-widget-wrap elementor-element-populated\">\n\t\t\t\t\t\t<div class=\"elementor-element elementor-element-23f1a97 elementor-widget elementor-widget-text-editor\" data-id=\"23f1a97\" data-element_type=\"widget\" data-e-type=\"widget\" data-widget_type=\"text-editor.default\">\n\t\t\t\t<div class=\"elementor-widget-container\">\n\t\t\t\t\t\t\t\t\t<p>Fundacja Szansa zosta\u0142a utworzona w marcu 2010 roku i wspiera wychowank\u00f3w Specjalnego<br \/>O\u015brodka Szkolno \u2013 Wychowawczego w Polanicy Zdroju.<br \/>Obecnie pod opiek\u0105 fundacji znajduje si\u0119 ok 70 dzieci.<br \/>Celem fundacji jest przede wszystkim wsparcie w \u015bwiadomym i aktywnym przygotowaniu<br \/>wychowank\u00f3w do \u017cycia w spo\u0142ecze\u0144stwie, rozwijanie umiej\u0119tno\u015bci spo\u0142ecznych, nawi\u0105zanie <br \/>i utrzymywanie kontakt\u00f3w z innymi lud\u017ami.<\/p><p class=\"font_8\"><span class=\"color_11\">Dane:<\/span><\/p><p class=\"font_8\"><span class=\"color_11\">FUNDACJA SZANSA\u00a0ul. Ko\u015bcielna 2\u00a0<\/span><\/p><p class=\"font_8\"><span class=\"color_11\">57-320 Polanica-Zdr\u00f3j\u00a0<\/span><\/p><p class=\"font_8\"><span class=\"color_11\">KRS: 0000350985\u00a0REGON 021222566,<\/span><\/p><p class=\"font_8\"><span class=\"color_11\">NIP 8831836231<\/span><\/p><p class=\"font_8\"><span class=\"color_11\">Santander Bank Polska nr rachunku\u00a064 1090 2327 0000 0001 1382 6221<\/span><\/p>\t\t\t\t\t\t\t\t<\/div>\n\t\t\t\t<\/div>\n\t\t\t\t\t<\/div>\n\t\t<\/div>\n\t\t\t\t\t<\/div>\n\t\t<\/section>\n\t\t\t\t<\/div>\n\t\t","protected":false},"excerpt":{"rendered":"<p>Fundacja Szansa zosta\u0142a utworzona w marcu 2010 roku i wspiera wychowank\u00f3w SpecjalnegoO\u015brodka Szkolno \u2013 Wychowawczego w Polanicy Zdroju.Obecnie pod opiek\u0105 fundacji znajduje si\u0119 ok 70 dzieci.Celem fundacji jest przede wszystkim wsparcie w \u015bwiadomym i aktywnym przygotowaniuwychowank\u00f3w do \u017cycia w spo\u0142ecze\u0144stwie, rozwijanie umiej\u0119tno\u015bci spo\u0142ecznych, nawi\u0105zanie i utrzymywanie kontakt\u00f3w z innymi lud\u017ami. Dane: FUNDACJA SZANSA\u00a0ul. Ko\u015bcielna 2\u00a0 &hellip; <\/p>\n<p class=\"link-more\"><a href=\"https:\/\/osrodekpolanica.pl\/?page_id=215\" class=\"more-link\">Continue reading<span class=\"screen-reader-text\"> &#8220;Fundacja&#8221;<\/span><\/a><\/p>\n","protected":false},"author":1,"featured_media":612,"parent":0,"menu_order":0,"comment_status":"closed","ping_status":"closed","template":"elementor_header_footer","meta":{"footnotes":""},"class_list":["post-215","page","type-page","status-publish","has-post-thumbnail","hentry"],"_links":{"self":[{"href":"https:\/\/osrodekpolanica.pl\/index.php?rest_route=\/wp\/v2\/pages\/215","targetHints":{"allow":["GET"]}}],"collection":[{"href":"https:\/\/osrodekpolanica.pl\/index.php?rest_route=\/wp\/v2\/pages"}],"about":[{"href":"https:\/\/osrodekpolanica.pl\/index.php?rest_route=\/wp\/v2\/types\/page"}],"author":[{"embeddable":true,"href":"https:\/\/osrodekpolanica.pl\/index.php?rest_route=\/wp\/v2\/users\/1"}],"replies":[{"embeddable":true,"href":"https:\/\/osrodekpolanica.pl\/index.php?rest_route=%2Fwp%2Fv2%2Fcomments&post=215"}],"version-history":[{"count":17,"href":"https:\/\/osrodekpolanica.pl\/index.php?rest_route=\/wp\/v2\/pages\/215\/revisions"}],"predecessor-version":[{"id":357,"href":"https:\/\/osrodekpolanica.pl\/index.php?rest_route=\/wp\/v2\/pages\/215\/revisions\/357"}],"wp:featuredmedia":[{"embeddable":true,"href":"https:\/\/osrodekpolanica.pl\/index.php?rest_route=\/wp\/v2\/media\/612"}],"wp:attachment":[{"href":"https:\/\/osrodekpolanica.pl\/index.php?rest_route=%2Fwp%2Fv2%2Fmedia&parent=215"}],"curies":[{"name":"wp","href":"https:\/\/api.w.org\/{rel}","templated":true}]}}