{"id":879,"date":"2026-01-19T16:27:37","date_gmt":"2026-01-19T15:27:37","guid":{"rendered":"https:\/\/osrodekpolanica.pl\/?page_id=879"},"modified":"2026-01-26T16:38:21","modified_gmt":"2026-01-26T15:38:21","slug":"oddzialy-przedszkolne","status":"publish","type":"page","link":"https:\/\/osrodekpolanica.pl\/?page_id=879","title":{"rendered":"Oddzia\u0142y Przedszkolne"},"content":{"rendered":"<p><b>Oddzia\u0142y przedszkolne<\/b><br \/>przeznaczone s\u0105 dla dzieci posiadaj\u0105cych orzeczenie o potrzebie kszta\u0142cenia specjalnego. Oddzia\u0142y pracuj\u0105 w godz. 7<sup>00<\/sup>-15<sup>00<\/sup>.<br \/><br \/><b>Podstawowym celem oddzia\u0142\u00f3w <\/b>jest przygotowanie dzieci w miar\u0119 ich mo\u017cliwo\u015bci i potrzeb do podj\u0119cia nauki w szkole podstawowej, a w szczeg\u00f3lno\u015bci:<br \/>&#8211; wspomaganie wszechstronnego rozwoju dzieci w zakresie umiej\u0119tno\u015bci intelektualnych, spo\u0142ecznych i kulturowych;<br \/>&#8211; budowanie systemu warto\u015bci, w\u0142asnej to\u017csamo\u015bci i poczucia w\u0142asnej warto\u015bci;<br \/>&#8211; wspieranie rozwoju fizycznego i zapewnienie mo\u017cliwo\u015bci uczestnictwa w grach i zabawach sportowych;<br \/>&#8211; budowanie, wzmacnianie i rozwijanie umiej\u0119tno\u015bci komunikacyjnych oraz umiej\u0119tno\u015bci spo\u0142ecznych niezb\u0119dnych w budowaniu relacji z dzie\u0107mi i doros\u0142ymi;<br \/>&#8211; budowanie, wzmacnianie i rozwijanie umiej\u0119tno\u015bci samoobs\u0142ugowych, nawyk\u00f3w porz\u0105dkowych i kulturalnych;<br \/>&#8211; wyr\u00f3wnywanie szans edukacyjnych dzieci z zaburzeniami rozwoju.<\/p>\n<div id='gallery-1' class='gallery galleryid-879 gallery-columns-6 gallery-size-thumbnail'><figure class='gallery-item'>\n\t\t\t<div class='gallery-icon portrait'>\n\t\t\t\t<a href='https:\/\/osrodekpolanica.pl\/wp-content\/uploads\/2026\/01\/579313970_827222026564827_3110063671432185140_n.jpg'><img decoding=\"async\" width=\"150\" height=\"150\" src=\"https:\/\/osrodekpolanica.pl\/wp-content\/uploads\/2026\/01\/579313970_827222026564827_3110063671432185140_n-150x150.jpg\" class=\"attachment-thumbnail size-thumbnail\" alt=\"\" srcset=\"https:\/\/osrodekpolanica.pl\/wp-content\/uploads\/2026\/01\/579313970_827222026564827_3110063671432185140_n-150x150.jpg 150w, https:\/\/osrodekpolanica.pl\/wp-content\/uploads\/2026\/01\/579313970_827222026564827_3110063671432185140_n-1200x1200.jpg 1200w, https:\/\/osrodekpolanica.pl\/wp-content\/uploads\/2026\/01\/579313970_827222026564827_3110063671432185140_n-100x100.jpg 100w\" sizes=\"100vw\" \/><\/a>\n\t\t\t<\/div><\/figure><figure class='gallery-item'>\n\t\t\t<div class='gallery-icon portrait'>\n\t\t\t\t<a href='https:\/\/osrodekpolanica.pl\/wp-content\/uploads\/2026\/01\/578237969_827221466564883_5292726182078550447_n.jpg'><img decoding=\"async\" width=\"150\" height=\"150\" src=\"https:\/\/osrodekpolanica.pl\/wp-content\/uploads\/2026\/01\/578237969_827221466564883_5292726182078550447_n-150x150.jpg\" class=\"attachment-thumbnail size-thumbnail\" alt=\"\" srcset=\"https:\/\/osrodekpolanica.pl\/wp-content\/uploads\/2026\/01\/578237969_827221466564883_5292726182078550447_n-150x150.jpg 150w, https:\/\/osrodekpolanica.pl\/wp-content\/uploads\/2026\/01\/578237969_827221466564883_5292726182078550447_n-1201x1200.jpg 1201w, https:\/\/osrodekpolanica.pl\/wp-content\/uploads\/2026\/01\/578237969_827221466564883_5292726182078550447_n-100x100.jpg 100w\" sizes=\"100vw\" \/><\/a>\n\t\t\t<\/div><\/figure><figure class='gallery-item'>\n\t\t\t<div class='gallery-icon landscape'>\n\t\t\t\t<a href='https:\/\/osrodekpolanica.pl\/wp-content\/uploads\/2026\/01\/573870919_821711757115854_8624987977046799195_n.jpg'><img decoding=\"async\" width=\"150\" height=\"150\" src=\"https:\/\/osrodekpolanica.pl\/wp-content\/uploads\/2026\/01\/573870919_821711757115854_8624987977046799195_n-150x150.jpg\" class=\"attachment-thumbnail size-thumbnail\" alt=\"\" srcset=\"https:\/\/osrodekpolanica.pl\/wp-content\/uploads\/2026\/01\/573870919_821711757115854_8624987977046799195_n-150x150.jpg 150w, https:\/\/osrodekpolanica.pl\/wp-content\/uploads\/2026\/01\/573870919_821711757115854_8624987977046799195_n-100x100.jpg 100w\" sizes=\"100vw\" \/><\/a>\n\t\t\t<\/div><\/figure><figure class='gallery-item'>\n\t\t\t<div class='gallery-icon portrait'>\n\t\t\t\t<a href='https:\/\/osrodekpolanica.pl\/wp-content\/uploads\/2026\/01\/560661136_800586099228420_5352118306620652300_n.jpg'><img loading=\"lazy\" decoding=\"async\" width=\"150\" height=\"150\" src=\"https:\/\/osrodekpolanica.pl\/wp-content\/uploads\/2026\/01\/560661136_800586099228420_5352118306620652300_n-150x150.jpg\" class=\"attachment-thumbnail size-thumbnail\" alt=\"\" srcset=\"https:\/\/osrodekpolanica.pl\/wp-content\/uploads\/2026\/01\/560661136_800586099228420_5352118306620652300_n-150x150.jpg 150w, https:\/\/osrodekpolanica.pl\/wp-content\/uploads\/2026\/01\/560661136_800586099228420_5352118306620652300_n-100x100.jpg 100w\" sizes=\"100vw\" \/><\/a>\n\t\t\t<\/div><\/figure><figure class='gallery-item'>\n\t\t\t<div class='gallery-icon landscape'>\n\t\t\t\t<a href='https:\/\/osrodekpolanica.pl\/wp-content\/uploads\/2026\/01\/559125908_800586325895064_7181580604959920152_n.jpg'><img loading=\"lazy\" decoding=\"async\" width=\"150\" height=\"150\" src=\"https:\/\/osrodekpolanica.pl\/wp-content\/uploads\/2026\/01\/559125908_800586325895064_7181580604959920152_n-150x150.jpg\" class=\"attachment-thumbnail size-thumbnail\" alt=\"\" srcset=\"https:\/\/osrodekpolanica.pl\/wp-content\/uploads\/2026\/01\/559125908_800586325895064_7181580604959920152_n-150x150.jpg 150w, https:\/\/osrodekpolanica.pl\/wp-content\/uploads\/2026\/01\/559125908_800586325895064_7181580604959920152_n-100x100.jpg 100w\" sizes=\"100vw\" \/><\/a>\n\t\t\t<\/div><\/figure><figure class='gallery-item'>\n\t\t\t<div class='gallery-icon portrait'>\n\t\t\t\t<a href='https:\/\/osrodekpolanica.pl\/wp-content\/uploads\/2026\/01\/558862160_800586482561715_5949148094598927527_n.jpg'><img loading=\"lazy\" decoding=\"async\" width=\"150\" height=\"150\" src=\"https:\/\/osrodekpolanica.pl\/wp-content\/uploads\/2026\/01\/558862160_800586482561715_5949148094598927527_n-150x150.jpg\" class=\"attachment-thumbnail size-thumbnail\" alt=\"\" srcset=\"https:\/\/osrodekpolanica.pl\/wp-content\/uploads\/2026\/01\/558862160_800586482561715_5949148094598927527_n-150x150.jpg 150w, https:\/\/osrodekpolanica.pl\/wp-content\/uploads\/2026\/01\/558862160_800586482561715_5949148094598927527_n-100x100.jpg 100w\" sizes=\"100vw\" \/><\/a>\n\t\t\t<\/div><\/figure><figure class='gallery-item'>\n\t\t\t<div class='gallery-icon portrait'>\n\t\t\t\t<a href='https:\/\/osrodekpolanica.pl\/wp-content\/uploads\/2026\/01\/558786979_800586205895076_2266800326148393599_n.jpg'><img loading=\"lazy\" decoding=\"async\" width=\"150\" height=\"150\" src=\"https:\/\/osrodekpolanica.pl\/wp-content\/uploads\/2026\/01\/558786979_800586205895076_2266800326148393599_n-150x150.jpg\" class=\"attachment-thumbnail size-thumbnail\" alt=\"\" srcset=\"https:\/\/osrodekpolanica.pl\/wp-content\/uploads\/2026\/01\/558786979_800586205895076_2266800326148393599_n-150x150.jpg 150w, https:\/\/osrodekpolanica.pl\/wp-content\/uploads\/2026\/01\/558786979_800586205895076_2266800326148393599_n-100x100.jpg 100w\" sizes=\"100vw\" \/><\/a>\n\t\t\t<\/div><\/figure><figure class='gallery-item'>\n\t\t\t<div class='gallery-icon portrait'>\n\t\t\t\t<a href='https:\/\/osrodekpolanica.pl\/wp-content\/uploads\/2026\/01\/558471505_800586322561731_4012812365001039136_n.jpg'><img loading=\"lazy\" decoding=\"async\" width=\"150\" height=\"150\" src=\"https:\/\/osrodekpolanica.pl\/wp-content\/uploads\/2026\/01\/558471505_800586322561731_4012812365001039136_n-150x150.jpg\" class=\"attachment-thumbnail size-thumbnail\" alt=\"\" srcset=\"https:\/\/osrodekpolanica.pl\/wp-content\/uploads\/2026\/01\/558471505_800586322561731_4012812365001039136_n-150x150.jpg 150w, https:\/\/osrodekpolanica.pl\/wp-content\/uploads\/2026\/01\/558471505_800586322561731_4012812365001039136_n-100x100.jpg 100w\" sizes=\"100vw\" \/><\/a>\n\t\t\t<\/div><\/figure><figure class='gallery-item'>\n\t\t\t<div class='gallery-icon portrait'>\n\t\t\t\t<a href='https:\/\/osrodekpolanica.pl\/wp-content\/uploads\/2026\/01\/557706368_800586055895091_743752112740588024_n.jpg'><img loading=\"lazy\" decoding=\"async\" width=\"150\" height=\"150\" src=\"https:\/\/osrodekpolanica.pl\/wp-content\/uploads\/2026\/01\/557706368_800586055895091_743752112740588024_n-150x150.jpg\" class=\"attachment-thumbnail size-thumbnail\" alt=\"\" srcset=\"https:\/\/osrodekpolanica.pl\/wp-content\/uploads\/2026\/01\/557706368_800586055895091_743752112740588024_n-150x150.jpg 150w, https:\/\/osrodekpolanica.pl\/wp-content\/uploads\/2026\/01\/557706368_800586055895091_743752112740588024_n-100x100.jpg 100w\" sizes=\"100vw\" \/><\/a>\n\t\t\t<\/div><\/figure><figure class='gallery-item'>\n\t\t\t<div class='gallery-icon portrait'>\n\t\t\t\t<a href='https:\/\/osrodekpolanica.pl\/wp-content\/uploads\/2026\/01\/548702546_782250854395278_8376347342993762064_n.jpg'><img loading=\"lazy\" decoding=\"async\" width=\"150\" height=\"150\" src=\"https:\/\/osrodekpolanica.pl\/wp-content\/uploads\/2026\/01\/548702546_782250854395278_8376347342993762064_n-150x150.jpg\" class=\"attachment-thumbnail size-thumbnail\" alt=\"\" srcset=\"https:\/\/osrodekpolanica.pl\/wp-content\/uploads\/2026\/01\/548702546_782250854395278_8376347342993762064_n-150x150.jpg 150w, https:\/\/osrodekpolanica.pl\/wp-content\/uploads\/2026\/01\/548702546_782250854395278_8376347342993762064_n-1200x1200.jpg 1200w, https:\/\/osrodekpolanica.pl\/wp-content\/uploads\/2026\/01\/548702546_782250854395278_8376347342993762064_n-100x100.jpg 100w\" sizes=\"100vw\" \/><\/a>\n\t\t\t<\/div><\/figure><figure class='gallery-item'>\n\t\t\t<div class='gallery-icon portrait'>\n\t\t\t\t<a href='https:\/\/osrodekpolanica.pl\/wp-content\/uploads\/2026\/01\/548243828_782250891061941_8078670280273492596_n.jpg'><img loading=\"lazy\" decoding=\"async\" width=\"150\" height=\"150\" src=\"https:\/\/osrodekpolanica.pl\/wp-content\/uploads\/2026\/01\/548243828_782250891061941_8078670280273492596_n-150x150.jpg\" class=\"attachment-thumbnail size-thumbnail\" alt=\"\" srcset=\"https:\/\/osrodekpolanica.pl\/wp-content\/uploads\/2026\/01\/548243828_782250891061941_8078670280273492596_n-150x150.jpg 150w, https:\/\/osrodekpolanica.pl\/wp-content\/uploads\/2026\/01\/548243828_782250891061941_8078670280273492596_n-1200x1200.jpg 1200w, https:\/\/osrodekpolanica.pl\/wp-content\/uploads\/2026\/01\/548243828_782250891061941_8078670280273492596_n-100x100.jpg 100w\" sizes=\"100vw\" \/><\/a>\n\t\t\t<\/div><\/figure><figure class='gallery-item'>\n\t\t\t<div class='gallery-icon portrait'>\n\t\t\t\t<a href='https:\/\/osrodekpolanica.pl\/wp-content\/uploads\/2026\/01\/547868710_782250757728621_6466025594261661039_n.jpg'><img loading=\"lazy\" decoding=\"async\" width=\"150\" height=\"150\" src=\"https:\/\/osrodekpolanica.pl\/wp-content\/uploads\/2026\/01\/547868710_782250757728621_6466025594261661039_n-150x150.jpg\" class=\"attachment-thumbnail size-thumbnail\" alt=\"\" srcset=\"https:\/\/osrodekpolanica.pl\/wp-content\/uploads\/2026\/01\/547868710_782250757728621_6466025594261661039_n-150x150.jpg 150w, https:\/\/osrodekpolanica.pl\/wp-content\/uploads\/2026\/01\/547868710_782250757728621_6466025594261661039_n-1200x1200.jpg 1200w, https:\/\/osrodekpolanica.pl\/wp-content\/uploads\/2026\/01\/547868710_782250757728621_6466025594261661039_n-100x100.jpg 100w\" sizes=\"100vw\" \/><\/a>\n\t\t\t<\/div><\/figure><figure class='gallery-item'>\n\t\t\t<div class='gallery-icon portrait'>\n\t\t\t\t<a href='https:\/\/osrodekpolanica.pl\/wp-content\/uploads\/2026\/01\/547565402_782250747728622_7315024076133704409_n.jpg'><img loading=\"lazy\" decoding=\"async\" width=\"150\" height=\"150\" src=\"https:\/\/osrodekpolanica.pl\/wp-content\/uploads\/2026\/01\/547565402_782250747728622_7315024076133704409_n-150x150.jpg\" class=\"attachment-thumbnail size-thumbnail\" alt=\"\" srcset=\"https:\/\/osrodekpolanica.pl\/wp-content\/uploads\/2026\/01\/547565402_782250747728622_7315024076133704409_n-150x150.jpg 150w, https:\/\/osrodekpolanica.pl\/wp-content\/uploads\/2026\/01\/547565402_782250747728622_7315024076133704409_n-100x100.jpg 100w\" sizes=\"100vw\" \/><\/a>\n\t\t\t<\/div><\/figure><figure class='gallery-item'>\n\t\t\t<div class='gallery-icon portrait'>\n\t\t\t\t<a href='https:\/\/osrodekpolanica.pl\/wp-content\/uploads\/2026\/01\/579969169_827221903231506_7433787900255582242_n.jpg'><img loading=\"lazy\" decoding=\"async\" width=\"150\" height=\"150\" src=\"https:\/\/osrodekpolanica.pl\/wp-content\/uploads\/2026\/01\/579969169_827221903231506_7433787900255582242_n-150x150.jpg\" class=\"attachment-thumbnail size-thumbnail\" alt=\"SOSW\" srcset=\"https:\/\/osrodekpolanica.pl\/wp-content\/uploads\/2026\/01\/579969169_827221903231506_7433787900255582242_n-150x150.jpg 150w, https:\/\/osrodekpolanica.pl\/wp-content\/uploads\/2026\/01\/579969169_827221903231506_7433787900255582242_n-1200x1200.jpg 1200w, https:\/\/osrodekpolanica.pl\/wp-content\/uploads\/2026\/01\/579969169_827221903231506_7433787900255582242_n-100x100.jpg 100w\" sizes=\"100vw\" \/><\/a>\n\t\t\t<\/div><\/figure>\n\t\t<\/div>\n\n\n\n<p><\/p>\n","protected":false},"excerpt":{"rendered":"<p>Oddzia\u0142y przedszkolneprzeznaczone s\u0105 dla dzieci posiadaj\u0105cych orzeczenie o potrzebie kszta\u0142cenia specjalnego. Oddzia\u0142y pracuj\u0105 w godz. 700-1500. Podstawowym celem oddzia\u0142\u00f3w jest przygotowanie dzieci w miar\u0119 ich mo\u017cliwo\u015bci i potrzeb do podj\u0119cia nauki w szkole podstawowej, a w szczeg\u00f3lno\u015bci:&#8211; wspomaganie wszechstronnego rozwoju dzieci w zakresie umiej\u0119tno\u015bci intelektualnych, spo\u0142ecznych i kulturowych;&#8211; budowanie systemu warto\u015bci, w\u0142asnej to\u017csamo\u015bci i poczucia &hellip; <\/p>\n<p class=\"link-more\"><a href=\"https:\/\/osrodekpolanica.pl\/?page_id=879\" class=\"more-link\">Continue reading<span class=\"screen-reader-text\"> &#8220;Oddzia\u0142y Przedszkolne&#8221;<\/span><\/a><\/p>\n","protected":false},"author":1,"featured_media":0,"parent":0,"menu_order":0,"comment_status":"closed","ping_status":"closed","template":"","meta":{"footnotes":""},"class_list":["post-879","page","type-page","status-publish","hentry"],"_links":{"self":[{"href":"https:\/\/osrodekpolanica.pl\/index.php?rest_route=\/wp\/v2\/pages\/879","targetHints":{"allow":["GET"]}}],"collection":[{"href":"https:\/\/osrodekpolanica.pl\/index.php?rest_route=\/wp\/v2\/pages"}],"about":[{"href":"https:\/\/osrodekpolanica.pl\/index.php?rest_route=\/wp\/v2\/types\/page"}],"author":[{"embeddable":true,"href":"https:\/\/osrodekpolanica.pl\/index.php?rest_route=\/wp\/v2\/users\/1"}],"replies":[{"embeddable":true,"href":"https:\/\/osrodekpolanica.pl\/index.php?rest_route=%2Fwp%2Fv2%2Fcomments&post=879"}],"version-history":[{"count":10,"href":"https:\/\/osrodekpolanica.pl\/index.php?rest_route=\/wp\/v2\/pages\/879\/revisions"}],"predecessor-version":[{"id":1035,"href":"https:\/\/osrodekpolanica.pl\/index.php?rest_route=\/wp\/v2\/pages\/879\/revisions\/1035"}],"wp:attachment":[{"href":"https:\/\/osrodekpolanica.pl\/index.php?rest_route=%2Fwp%2Fv2%2Fmedia&parent=879"}],"curies":[{"name":"wp","href":"https:\/\/api.w.org\/{rel}","templated":true}]}}