{"id":902,"date":"2026-01-19T16:41:43","date_gmt":"2026-01-19T15:41:43","guid":{"rendered":"https:\/\/osrodekpolanica.pl\/?page_id=902"},"modified":"2026-01-26T16:40:29","modified_gmt":"2026-01-26T15:40:29","slug":"szkola-podstawowa","status":"publish","type":"page","link":"https:\/\/osrodekpolanica.pl\/?page_id=902","title":{"rendered":"Szko\u0142a Podstawowa"},"content":{"rendered":"<p>Podstawowymi formami dzia\u0142alno\u015bci dydaktyczno-wychowawczej szko\u0142y podstawowej s\u0105:<br \/>\n\u2022 obowi\u0105zkowe zaj\u0119cia edukacyjne;<br \/>\n\u2022 dodatkowe zaj\u0119cia edukacyjne;<br \/>\n\u2022 zaj\u0119cia rewalidacyjne;<br \/>\n\u2022 zaj\u0119cia prowadzone w ramach pomocy psychologiczno-pedagogicznej;<br \/>\n\u2022 zaj\u0119cia rozwijaj\u0105ce zainteresowania i uzdolnienia uczni\u00f3w.<\/p>\n<div id='gallery-1' class='gallery galleryid-902 gallery-columns-4 gallery-size-thumbnail'><figure class='gallery-item'>\n\t\t\t<div class='gallery-icon landscape'>\n\t\t\t\t<a href='https:\/\/osrodekpolanica.pl\/wp-content\/uploads\/2026\/01\/586864634_837781132175583_1364815539867066207_n.jpg'><img decoding=\"async\" width=\"150\" height=\"150\" src=\"https:\/\/osrodekpolanica.pl\/wp-content\/uploads\/2026\/01\/586864634_837781132175583_1364815539867066207_n-150x150.jpg\" class=\"attachment-thumbnail size-thumbnail\" alt=\"\" srcset=\"https:\/\/osrodekpolanica.pl\/wp-content\/uploads\/2026\/01\/586864634_837781132175583_1364815539867066207_n-150x150.jpg 150w, https:\/\/osrodekpolanica.pl\/wp-content\/uploads\/2026\/01\/586864634_837781132175583_1364815539867066207_n-100x100.jpg 100w\" sizes=\"100vw\" \/><\/a>\n\t\t\t<\/div><\/figure><figure class='gallery-item'>\n\t\t\t<div class='gallery-icon landscape'>\n\t\t\t\t<a href='https:\/\/osrodekpolanica.pl\/wp-content\/uploads\/2026\/01\/586883742_838653875421642_4306449064476424267_n.jpg'><img decoding=\"async\" width=\"150\" height=\"150\" src=\"https:\/\/osrodekpolanica.pl\/wp-content\/uploads\/2026\/01\/586883742_838653875421642_4306449064476424267_n-150x150.jpg\" class=\"attachment-thumbnail size-thumbnail\" alt=\"\" srcset=\"https:\/\/osrodekpolanica.pl\/wp-content\/uploads\/2026\/01\/586883742_838653875421642_4306449064476424267_n-150x150.jpg 150w, https:\/\/osrodekpolanica.pl\/wp-content\/uploads\/2026\/01\/586883742_838653875421642_4306449064476424267_n-100x100.jpg 100w\" sizes=\"100vw\" \/><\/a>\n\t\t\t<\/div><\/figure><figure class='gallery-item'>\n\t\t\t<div class='gallery-icon landscape'>\n\t\t\t\t<a href='https:\/\/osrodekpolanica.pl\/wp-content\/uploads\/2026\/01\/589901954_842186191735077_7236656725282807738_n-1.jpg'><img decoding=\"async\" width=\"150\" height=\"150\" src=\"https:\/\/osrodekpolanica.pl\/wp-content\/uploads\/2026\/01\/589901954_842186191735077_7236656725282807738_n-1-150x150.jpg\" class=\"attachment-thumbnail size-thumbnail\" alt=\"\" srcset=\"https:\/\/osrodekpolanica.pl\/wp-content\/uploads\/2026\/01\/589901954_842186191735077_7236656725282807738_n-1-150x150.jpg 150w, https:\/\/osrodekpolanica.pl\/wp-content\/uploads\/2026\/01\/589901954_842186191735077_7236656725282807738_n-1-100x100.jpg 100w\" sizes=\"100vw\" \/><\/a>\n\t\t\t<\/div><\/figure><figure class='gallery-item'>\n\t\t\t<div class='gallery-icon landscape'>\n\t\t\t\t<a href='https:\/\/osrodekpolanica.pl\/wp-content\/uploads\/2026\/01\/589989269_841638331789863_7808562800737219594_n.jpg'><img loading=\"lazy\" decoding=\"async\" width=\"150\" height=\"150\" src=\"https:\/\/osrodekpolanica.pl\/wp-content\/uploads\/2026\/01\/589989269_841638331789863_7808562800737219594_n-150x150.jpg\" class=\"attachment-thumbnail size-thumbnail\" alt=\"\" srcset=\"https:\/\/osrodekpolanica.pl\/wp-content\/uploads\/2026\/01\/589989269_841638331789863_7808562800737219594_n-150x150.jpg 150w, https:\/\/osrodekpolanica.pl\/wp-content\/uploads\/2026\/01\/589989269_841638331789863_7808562800737219594_n-300x300.jpg 300w, https:\/\/osrodekpolanica.pl\/wp-content\/uploads\/2026\/01\/589989269_841638331789863_7808562800737219594_n-1024x1024.jpg 1024w, https:\/\/osrodekpolanica.pl\/wp-content\/uploads\/2026\/01\/589989269_841638331789863_7808562800737219594_n-768x768.jpg 768w, https:\/\/osrodekpolanica.pl\/wp-content\/uploads\/2026\/01\/589989269_841638331789863_7808562800737219594_n-1536x1536.jpg 1536w, https:\/\/osrodekpolanica.pl\/wp-content\/uploads\/2026\/01\/589989269_841638331789863_7808562800737219594_n-100x100.jpg 100w, https:\/\/osrodekpolanica.pl\/wp-content\/uploads\/2026\/01\/589989269_841638331789863_7808562800737219594_n.jpg 1599w\" sizes=\"100vw\" \/><\/a>\n\t\t\t<\/div><\/figure><figure class='gallery-item'>\n\t\t\t<div class='gallery-icon landscape'>\n\t\t\t\t<a href='https:\/\/osrodekpolanica.pl\/wp-content\/uploads\/2026\/01\/591754625_843852048235158_6705204141838464281_n.jpg'><img loading=\"lazy\" decoding=\"async\" width=\"150\" height=\"150\" src=\"https:\/\/osrodekpolanica.pl\/wp-content\/uploads\/2026\/01\/591754625_843852048235158_6705204141838464281_n-150x150.jpg\" class=\"attachment-thumbnail size-thumbnail\" alt=\"\" srcset=\"https:\/\/osrodekpolanica.pl\/wp-content\/uploads\/2026\/01\/591754625_843852048235158_6705204141838464281_n-150x150.jpg 150w, https:\/\/osrodekpolanica.pl\/wp-content\/uploads\/2026\/01\/591754625_843852048235158_6705204141838464281_n-100x100.jpg 100w\" sizes=\"100vw\" \/><\/a>\n\t\t\t<\/div><\/figure><figure class='gallery-item'>\n\t\t\t<div class='gallery-icon landscape'>\n\t\t\t\t<a href='https:\/\/osrodekpolanica.pl\/wp-content\/uploads\/2026\/01\/593960030_848666871087009_1214396268844548621_n.jpg'><img loading=\"lazy\" decoding=\"async\" width=\"150\" height=\"150\" src=\"https:\/\/osrodekpolanica.pl\/wp-content\/uploads\/2026\/01\/593960030_848666871087009_1214396268844548621_n-150x150.jpg\" class=\"attachment-thumbnail size-thumbnail\" alt=\"\" srcset=\"https:\/\/osrodekpolanica.pl\/wp-content\/uploads\/2026\/01\/593960030_848666871087009_1214396268844548621_n-150x150.jpg 150w, https:\/\/osrodekpolanica.pl\/wp-content\/uploads\/2026\/01\/593960030_848666871087009_1214396268844548621_n-300x300.jpg 300w, https:\/\/osrodekpolanica.pl\/wp-content\/uploads\/2026\/01\/593960030_848666871087009_1214396268844548621_n-1024x1024.jpg 1024w, https:\/\/osrodekpolanica.pl\/wp-content\/uploads\/2026\/01\/593960030_848666871087009_1214396268844548621_n-768x768.jpg 768w, https:\/\/osrodekpolanica.pl\/wp-content\/uploads\/2026\/01\/593960030_848666871087009_1214396268844548621_n-1536x1536.jpg 1536w, https:\/\/osrodekpolanica.pl\/wp-content\/uploads\/2026\/01\/593960030_848666871087009_1214396268844548621_n-100x100.jpg 100w, https:\/\/osrodekpolanica.pl\/wp-content\/uploads\/2026\/01\/593960030_848666871087009_1214396268844548621_n.jpg 1728w\" sizes=\"100vw\" \/><\/a>\n\t\t\t<\/div><\/figure><figure class='gallery-item'>\n\t\t\t<div class='gallery-icon landscape'>\n\t\t\t\t<a href='https:\/\/osrodekpolanica.pl\/wp-content\/uploads\/2026\/01\/616258258_877909144829448_81326808140078333_n.jpg'><img loading=\"lazy\" decoding=\"async\" width=\"150\" height=\"150\" src=\"https:\/\/osrodekpolanica.pl\/wp-content\/uploads\/2026\/01\/616258258_877909144829448_81326808140078333_n-150x150.jpg\" class=\"attachment-thumbnail size-thumbnail\" alt=\"\" srcset=\"https:\/\/osrodekpolanica.pl\/wp-content\/uploads\/2026\/01\/616258258_877909144829448_81326808140078333_n-150x150.jpg 150w, https:\/\/osrodekpolanica.pl\/wp-content\/uploads\/2026\/01\/616258258_877909144829448_81326808140078333_n-100x100.jpg 100w\" sizes=\"100vw\" \/><\/a>\n\t\t\t<\/div><\/figure><figure class='gallery-item'>\n\t\t\t<div class='gallery-icon landscape'>\n\t\t\t\t<a href='https:\/\/osrodekpolanica.pl\/wp-content\/uploads\/2026\/01\/1.jpg'><img loading=\"lazy\" decoding=\"async\" width=\"150\" height=\"150\" src=\"https:\/\/osrodekpolanica.pl\/wp-content\/uploads\/2026\/01\/1-150x150.jpg\" class=\"attachment-thumbnail size-thumbnail\" alt=\"\" srcset=\"https:\/\/osrodekpolanica.pl\/wp-content\/uploads\/2026\/01\/1-150x150.jpg 150w, https:\/\/osrodekpolanica.pl\/wp-content\/uploads\/2026\/01\/1-100x100.jpg 100w\" sizes=\"100vw\" \/><\/a>\n\t\t\t<\/div><\/figure><figure class='gallery-item'>\n\t\t\t<div class='gallery-icon portrait'>\n\t\t\t\t<a href='https:\/\/osrodekpolanica.pl\/wp-content\/uploads\/2026\/01\/549296942_784794350807595_5448572345474585081_n.jpg'><img loading=\"lazy\" decoding=\"async\" width=\"150\" height=\"150\" src=\"https:\/\/osrodekpolanica.pl\/wp-content\/uploads\/2026\/01\/549296942_784794350807595_5448572345474585081_n-150x150.jpg\" class=\"attachment-thumbnail size-thumbnail\" alt=\"\" srcset=\"https:\/\/osrodekpolanica.pl\/wp-content\/uploads\/2026\/01\/549296942_784794350807595_5448572345474585081_n-150x150.jpg 150w, https:\/\/osrodekpolanica.pl\/wp-content\/uploads\/2026\/01\/549296942_784794350807595_5448572345474585081_n-100x100.jpg 100w\" sizes=\"100vw\" \/><\/a>\n\t\t\t<\/div><\/figure><figure class='gallery-item'>\n\t\t\t<div class='gallery-icon portrait'>\n\t\t\t\t<a href='https:\/\/osrodekpolanica.pl\/wp-content\/uploads\/2026\/01\/550526107_788101667143530_3872024318894311001_n.jpg'><img loading=\"lazy\" decoding=\"async\" width=\"150\" height=\"150\" src=\"https:\/\/osrodekpolanica.pl\/wp-content\/uploads\/2026\/01\/550526107_788101667143530_3872024318894311001_n-150x150.jpg\" class=\"attachment-thumbnail size-thumbnail\" alt=\"\" srcset=\"https:\/\/osrodekpolanica.pl\/wp-content\/uploads\/2026\/01\/550526107_788101667143530_3872024318894311001_n-150x150.jpg 150w, https:\/\/osrodekpolanica.pl\/wp-content\/uploads\/2026\/01\/550526107_788101667143530_3872024318894311001_n-100x100.jpg 100w\" sizes=\"100vw\" \/><\/a>\n\t\t\t<\/div><\/figure><figure class='gallery-item'>\n\t\t\t<div class='gallery-icon landscape'>\n\t\t\t\t<a href='https:\/\/osrodekpolanica.pl\/wp-content\/uploads\/2026\/01\/557973833_797013786252318_6088830333926704942_n.jpg'><img loading=\"lazy\" decoding=\"async\" width=\"150\" height=\"150\" src=\"https:\/\/osrodekpolanica.pl\/wp-content\/uploads\/2026\/01\/557973833_797013786252318_6088830333926704942_n-150x150.jpg\" class=\"attachment-thumbnail size-thumbnail\" alt=\"\" srcset=\"https:\/\/osrodekpolanica.pl\/wp-content\/uploads\/2026\/01\/557973833_797013786252318_6088830333926704942_n-150x150.jpg 150w, https:\/\/osrodekpolanica.pl\/wp-content\/uploads\/2026\/01\/557973833_797013786252318_6088830333926704942_n-100x100.jpg 100w\" sizes=\"100vw\" \/><\/a>\n\t\t\t<\/div><\/figure><figure class='gallery-item'>\n\t\t\t<div class='gallery-icon portrait'>\n\t\t\t\t<a href='https:\/\/osrodekpolanica.pl\/wp-content\/uploads\/2026\/01\/558034655_797013769585653_2570681417431960089_n.jpg'><img loading=\"lazy\" decoding=\"async\" width=\"150\" height=\"150\" src=\"https:\/\/osrodekpolanica.pl\/wp-content\/uploads\/2026\/01\/558034655_797013769585653_2570681417431960089_n-150x150.jpg\" class=\"attachment-thumbnail size-thumbnail\" alt=\"\" srcset=\"https:\/\/osrodekpolanica.pl\/wp-content\/uploads\/2026\/01\/558034655_797013769585653_2570681417431960089_n-150x150.jpg 150w, https:\/\/osrodekpolanica.pl\/wp-content\/uploads\/2026\/01\/558034655_797013769585653_2570681417431960089_n-100x100.jpg 100w\" sizes=\"100vw\" \/><\/a>\n\t\t\t<\/div><\/figure><figure class='gallery-item'>\n\t\t\t<div class='gallery-icon portrait'>\n\t\t\t\t<a href='https:\/\/osrodekpolanica.pl\/wp-content\/uploads\/2026\/01\/560812341_803282275625469_5493892172515811894_n.jpg'><img loading=\"lazy\" decoding=\"async\" width=\"150\" height=\"150\" src=\"https:\/\/osrodekpolanica.pl\/wp-content\/uploads\/2026\/01\/560812341_803282275625469_5493892172515811894_n-150x150.jpg\" class=\"attachment-thumbnail size-thumbnail\" alt=\"\" srcset=\"https:\/\/osrodekpolanica.pl\/wp-content\/uploads\/2026\/01\/560812341_803282275625469_5493892172515811894_n-150x150.jpg 150w, https:\/\/osrodekpolanica.pl\/wp-content\/uploads\/2026\/01\/560812341_803282275625469_5493892172515811894_n-1200x1200.jpg 1200w, https:\/\/osrodekpolanica.pl\/wp-content\/uploads\/2026\/01\/560812341_803282275625469_5493892172515811894_n-100x100.jpg 100w\" sizes=\"100vw\" \/><\/a>\n\t\t\t<\/div><\/figure><figure class='gallery-item'>\n\t\t\t<div class='gallery-icon landscape'>\n\t\t\t\t<a href='https:\/\/osrodekpolanica.pl\/wp-content\/uploads\/2026\/01\/572274448_820755950544768_6197653724431876557_n.jpg'><img loading=\"lazy\" decoding=\"async\" width=\"150\" height=\"150\" src=\"https:\/\/osrodekpolanica.pl\/wp-content\/uploads\/2026\/01\/572274448_820755950544768_6197653724431876557_n-150x150.jpg\" class=\"attachment-thumbnail size-thumbnail\" alt=\"\" srcset=\"https:\/\/osrodekpolanica.pl\/wp-content\/uploads\/2026\/01\/572274448_820755950544768_6197653724431876557_n-150x150.jpg 150w, https:\/\/osrodekpolanica.pl\/wp-content\/uploads\/2026\/01\/572274448_820755950544768_6197653724431876557_n-100x100.jpg 100w\" sizes=\"100vw\" \/><\/a>\n\t\t\t<\/div><\/figure><figure class='gallery-item'>\n\t\t\t<div class='gallery-icon landscape'>\n\t\t\t\t<a href='https:\/\/osrodekpolanica.pl\/wp-content\/uploads\/2026\/01\/575187673_826000406686989_502649830760945426_n.jpg'><img loading=\"lazy\" decoding=\"async\" width=\"150\" height=\"150\" src=\"https:\/\/osrodekpolanica.pl\/wp-content\/uploads\/2026\/01\/575187673_826000406686989_502649830760945426_n-150x150.jpg\" class=\"attachment-thumbnail size-thumbnail\" alt=\"\" srcset=\"https:\/\/osrodekpolanica.pl\/wp-content\/uploads\/2026\/01\/575187673_826000406686989_502649830760945426_n-150x150.jpg 150w, https:\/\/osrodekpolanica.pl\/wp-content\/uploads\/2026\/01\/575187673_826000406686989_502649830760945426_n-100x100.jpg 100w\" sizes=\"100vw\" \/><\/a>\n\t\t\t<\/div><\/figure><figure class='gallery-item'>\n\t\t\t<div class='gallery-icon landscape'>\n\t\t\t\t<a href='https:\/\/osrodekpolanica.pl\/wp-content\/uploads\/2026\/01\/576872717_827221219898241_8656383592123768894_n.jpg'><img loading=\"lazy\" decoding=\"async\" width=\"150\" height=\"150\" src=\"https:\/\/osrodekpolanica.pl\/wp-content\/uploads\/2026\/01\/576872717_827221219898241_8656383592123768894_n-150x150.jpg\" class=\"attachment-thumbnail size-thumbnail\" alt=\"\" srcset=\"https:\/\/osrodekpolanica.pl\/wp-content\/uploads\/2026\/01\/576872717_827221219898241_8656383592123768894_n-150x150.jpg 150w, https:\/\/osrodekpolanica.pl\/wp-content\/uploads\/2026\/01\/576872717_827221219898241_8656383592123768894_n-100x100.jpg 100w\" sizes=\"100vw\" \/><\/a>\n\t\t\t<\/div><\/figure><figure class='gallery-item'>\n\t\t\t<div class='gallery-icon landscape'>\n\t\t\t\t<a href='https:\/\/osrodekpolanica.pl\/wp-content\/uploads\/2026\/01\/582620221_837781125508917_8943880089739453955_n.jpg'><img loading=\"lazy\" decoding=\"async\" width=\"150\" height=\"150\" src=\"https:\/\/osrodekpolanica.pl\/wp-content\/uploads\/2026\/01\/582620221_837781125508917_8943880089739453955_n-150x150.jpg\" class=\"attachment-thumbnail size-thumbnail\" alt=\"\" srcset=\"https:\/\/osrodekpolanica.pl\/wp-content\/uploads\/2026\/01\/582620221_837781125508917_8943880089739453955_n-150x150.jpg 150w, https:\/\/osrodekpolanica.pl\/wp-content\/uploads\/2026\/01\/582620221_837781125508917_8943880089739453955_n-100x100.jpg 100w\" sizes=\"100vw\" \/><\/a>\n\t\t\t<\/div><\/figure><figure class='gallery-item'>\n\t\t\t<div class='gallery-icon landscape'>\n\t\t\t\t<a href='https:\/\/osrodekpolanica.pl\/wp-content\/uploads\/2026\/01\/584371771_838278122125884_807249032388229382_n-1.jpg'><img loading=\"lazy\" decoding=\"async\" width=\"150\" height=\"150\" src=\"https:\/\/osrodekpolanica.pl\/wp-content\/uploads\/2026\/01\/584371771_838278122125884_807249032388229382_n-1-150x150.jpg\" class=\"attachment-thumbnail size-thumbnail\" alt=\"\" srcset=\"https:\/\/osrodekpolanica.pl\/wp-content\/uploads\/2026\/01\/584371771_838278122125884_807249032388229382_n-1-150x150.jpg 150w, https:\/\/osrodekpolanica.pl\/wp-content\/uploads\/2026\/01\/584371771_838278122125884_807249032388229382_n-1-100x100.jpg 100w\" sizes=\"100vw\" \/><\/a>\n\t\t\t<\/div><\/figure><figure class='gallery-item'>\n\t\t\t<div class='gallery-icon landscape'>\n\t\t\t\t<a href='https:\/\/osrodekpolanica.pl\/wp-content\/uploads\/2026\/01\/584768663_836191062334590_4775011911145841490_n.jpg'><img loading=\"lazy\" decoding=\"async\" width=\"150\" height=\"150\" src=\"https:\/\/osrodekpolanica.pl\/wp-content\/uploads\/2026\/01\/584768663_836191062334590_4775011911145841490_n-150x150.jpg\" class=\"attachment-thumbnail size-thumbnail\" alt=\"\" srcset=\"https:\/\/osrodekpolanica.pl\/wp-content\/uploads\/2026\/01\/584768663_836191062334590_4775011911145841490_n-150x150.jpg 150w, https:\/\/osrodekpolanica.pl\/wp-content\/uploads\/2026\/01\/584768663_836191062334590_4775011911145841490_n-100x100.jpg 100w\" sizes=\"100vw\" \/><\/a>\n\t\t\t<\/div><\/figure><figure class='gallery-item'>\n\t\t\t<div class='gallery-icon landscape'>\n\t\t\t\t<a href='https:\/\/osrodekpolanica.pl\/wp-content\/uploads\/2026\/01\/585419231_837800665506963_2676785917643290542_n.jpg'><img loading=\"lazy\" decoding=\"async\" width=\"150\" height=\"150\" src=\"https:\/\/osrodekpolanica.pl\/wp-content\/uploads\/2026\/01\/585419231_837800665506963_2676785917643290542_n-150x150.jpg\" class=\"attachment-thumbnail size-thumbnail\" alt=\"\" srcset=\"https:\/\/osrodekpolanica.pl\/wp-content\/uploads\/2026\/01\/585419231_837800665506963_2676785917643290542_n-150x150.jpg 150w, https:\/\/osrodekpolanica.pl\/wp-content\/uploads\/2026\/01\/585419231_837800665506963_2676785917643290542_n-100x100.jpg 100w\" sizes=\"100vw\" \/><\/a>\n\t\t\t<\/div><\/figure><figure class='gallery-item'>\n\t\t\t<div class='gallery-icon portrait'>\n\t\t\t\t<a href='https:\/\/osrodekpolanica.pl\/wp-content\/uploads\/2026\/01\/586468780_837781462175550_4488396707101636332_n.jpg'><img loading=\"lazy\" decoding=\"async\" width=\"150\" height=\"150\" src=\"https:\/\/osrodekpolanica.pl\/wp-content\/uploads\/2026\/01\/586468780_837781462175550_4488396707101636332_n-150x150.jpg\" class=\"attachment-thumbnail size-thumbnail\" alt=\"\" srcset=\"https:\/\/osrodekpolanica.pl\/wp-content\/uploads\/2026\/01\/586468780_837781462175550_4488396707101636332_n-150x150.jpg 150w, https:\/\/osrodekpolanica.pl\/wp-content\/uploads\/2026\/01\/586468780_837781462175550_4488396707101636332_n-100x100.jpg 100w\" sizes=\"100vw\" \/><\/a>\n\t\t\t<\/div><\/figure>\n\t\t<\/div>\n\n","protected":false},"excerpt":{"rendered":"<p>Podstawowymi formami dzia\u0142alno\u015bci dydaktyczno-wychowawczej szko\u0142y podstawowej s\u0105: \u2022 obowi\u0105zkowe zaj\u0119cia edukacyjne; \u2022 dodatkowe zaj\u0119cia edukacyjne; \u2022 zaj\u0119cia rewalidacyjne; \u2022 zaj\u0119cia prowadzone w ramach pomocy psychologiczno-pedagogicznej; \u2022 zaj\u0119cia rozwijaj\u0105ce zainteresowania i uzdolnienia uczni\u00f3w.<\/p>\n","protected":false},"author":1,"featured_media":0,"parent":0,"menu_order":0,"comment_status":"closed","ping_status":"closed","template":"","meta":{"footnotes":""},"class_list":["post-902","page","type-page","status-publish","hentry"],"_links":{"self":[{"href":"https:\/\/osrodekpolanica.pl\/index.php?rest_route=\/wp\/v2\/pages\/902","targetHints":{"allow":["GET"]}}],"collection":[{"href":"https:\/\/osrodekpolanica.pl\/index.php?rest_route=\/wp\/v2\/pages"}],"about":[{"href":"https:\/\/osrodekpolanica.pl\/index.php?rest_route=\/wp\/v2\/types\/page"}],"author":[{"embeddable":true,"href":"https:\/\/osrodekpolanica.pl\/index.php?rest_route=\/wp\/v2\/users\/1"}],"replies":[{"embeddable":true,"href":"https:\/\/osrodekpolanica.pl\/index.php?rest_route=%2Fwp%2Fv2%2Fcomments&post=902"}],"version-history":[{"count":7,"href":"https:\/\/osrodekpolanica.pl\/index.php?rest_route=\/wp\/v2\/pages\/902\/revisions"}],"predecessor-version":[{"id":1036,"href":"https:\/\/osrodekpolanica.pl\/index.php?rest_route=\/wp\/v2\/pages\/902\/revisions\/1036"}],"wp:attachment":[{"href":"https:\/\/osrodekpolanica.pl\/index.php?rest_route=%2Fwp%2Fv2%2Fmedia&parent=902"}],"curies":[{"name":"wp","href":"https:\/\/api.w.org\/{rel}","templated":true}]}}