{"id":931,"date":"2026-01-19T16:56:34","date_gmt":"2026-01-19T15:56:34","guid":{"rendered":"https:\/\/osrodekpolanica.pl\/?page_id=931"},"modified":"2026-01-26T16:42:41","modified_gmt":"2026-01-26T15:42:41","slug":"szkola-przysposabiajaca-do-pracy","status":"publish","type":"page","link":"https:\/\/osrodekpolanica.pl\/?page_id=931","title":{"rendered":"Szko\u0142a Przysposabiaj\u0105ca do Pracy"},"content":{"rendered":"\n<p><strong>Szko\u0142a Przysposabiaj\u0105ca do Pracy<\/strong> jest trzyletni\u0105 szko\u0142\u0105, kt\u00f3rej uko\u0144czenie umo\u017cliwia uzyskanie \u015bwiadectwa potwierdzaj\u0105cego przysposobienie do pracy.<br><\/p>\n\n\n\n<figure class=\"wp-block-gallery has-nested-images columns-default is-cropped wp-block-gallery-1 is-layout-flex wp-block-gallery-is-layout-flex\">\n<figure class=\"wp-block-image size-large\"><img fetchpriority=\"high\" decoding=\"async\" width=\"1024\" height=\"1024\" data-id=\"932\" src=\"https:\/\/osrodekpolanica.pl\/wp-content\/uploads\/2026\/01\/552357706_788101557143541_6395260509282741713_n-1024x1024.jpg\" alt=\"\" class=\"wp-image-932\" srcset=\"https:\/\/osrodekpolanica.pl\/wp-content\/uploads\/2026\/01\/552357706_788101557143541_6395260509282741713_n-1024x1024.jpg 1024w, https:\/\/osrodekpolanica.pl\/wp-content\/uploads\/2026\/01\/552357706_788101557143541_6395260509282741713_n-300x300.jpg 300w, https:\/\/osrodekpolanica.pl\/wp-content\/uploads\/2026\/01\/552357706_788101557143541_6395260509282741713_n-150x150.jpg 150w, https:\/\/osrodekpolanica.pl\/wp-content\/uploads\/2026\/01\/552357706_788101557143541_6395260509282741713_n-768x768.jpg 768w, https:\/\/osrodekpolanica.pl\/wp-content\/uploads\/2026\/01\/552357706_788101557143541_6395260509282741713_n-1536x1536.jpg 1536w, https:\/\/osrodekpolanica.pl\/wp-content\/uploads\/2026\/01\/552357706_788101557143541_6395260509282741713_n-100x100.jpg 100w, https:\/\/osrodekpolanica.pl\/wp-content\/uploads\/2026\/01\/552357706_788101557143541_6395260509282741713_n.jpg 2048w\" sizes=\"(max-width: 767px) 89vw, (max-width: 1000px) 54vw, (max-width: 1071px) 543px, 580px\" \/><\/figure>\n\n\n\n<figure class=\"wp-block-image size-large\"><img decoding=\"async\" width=\"1024\" height=\"768\" data-id=\"933\" src=\"https:\/\/osrodekpolanica.pl\/wp-content\/uploads\/2026\/01\/556507272_795262289760801_7188526034564924791_n-1024x768.jpg\" alt=\"\" class=\"wp-image-933\" srcset=\"https:\/\/osrodekpolanica.pl\/wp-content\/uploads\/2026\/01\/556507272_795262289760801_7188526034564924791_n-1024x768.jpg 1024w, https:\/\/osrodekpolanica.pl\/wp-content\/uploads\/2026\/01\/556507272_795262289760801_7188526034564924791_n-300x225.jpg 300w, https:\/\/osrodekpolanica.pl\/wp-content\/uploads\/2026\/01\/556507272_795262289760801_7188526034564924791_n-768x576.jpg 768w, https:\/\/osrodekpolanica.pl\/wp-content\/uploads\/2026\/01\/556507272_795262289760801_7188526034564924791_n-1536x1152.jpg 1536w, https:\/\/osrodekpolanica.pl\/wp-content\/uploads\/2026\/01\/556507272_795262289760801_7188526034564924791_n.jpg 1600w\" sizes=\"(max-width: 767px) 89vw, (max-width: 1000px) 54vw, (max-width: 1071px) 543px, 580px\" \/><\/figure>\n\n\n\n<figure class=\"wp-block-image size-large\"><img decoding=\"async\" width=\"1024\" height=\"768\" data-id=\"934\" src=\"https:\/\/osrodekpolanica.pl\/wp-content\/uploads\/2026\/01\/576372707_824587290161634_1816134910493940723_n-1024x768.jpg\" alt=\"\" class=\"wp-image-934\" srcset=\"https:\/\/osrodekpolanica.pl\/wp-content\/uploads\/2026\/01\/576372707_824587290161634_1816134910493940723_n-1024x768.jpg 1024w, https:\/\/osrodekpolanica.pl\/wp-content\/uploads\/2026\/01\/576372707_824587290161634_1816134910493940723_n-300x225.jpg 300w, https:\/\/osrodekpolanica.pl\/wp-content\/uploads\/2026\/01\/576372707_824587290161634_1816134910493940723_n-768x576.jpg 768w, https:\/\/osrodekpolanica.pl\/wp-content\/uploads\/2026\/01\/576372707_824587290161634_1816134910493940723_n-1536x1152.jpg 1536w, https:\/\/osrodekpolanica.pl\/wp-content\/uploads\/2026\/01\/576372707_824587290161634_1816134910493940723_n.jpg 1600w\" sizes=\"(max-width: 767px) 89vw, (max-width: 1000px) 54vw, (max-width: 1071px) 543px, 580px\" \/><\/figure>\n\n\n\n<figure class=\"wp-block-image size-large\"><img loading=\"lazy\" decoding=\"async\" width=\"768\" height=\"1024\" data-id=\"935\" src=\"https:\/\/osrodekpolanica.pl\/wp-content\/uploads\/2026\/01\/586834772_841631988457164_5577962955456027219_n-1-768x1024.jpg\" alt=\"\" class=\"wp-image-935\" srcset=\"https:\/\/osrodekpolanica.pl\/wp-content\/uploads\/2026\/01\/586834772_841631988457164_5577962955456027219_n-1-768x1024.jpg 768w, https:\/\/osrodekpolanica.pl\/wp-content\/uploads\/2026\/01\/586834772_841631988457164_5577962955456027219_n-1-225x300.jpg 225w, https:\/\/osrodekpolanica.pl\/wp-content\/uploads\/2026\/01\/586834772_841631988457164_5577962955456027219_n-1-1152x1536.jpg 1152w, https:\/\/osrodekpolanica.pl\/wp-content\/uploads\/2026\/01\/586834772_841631988457164_5577962955456027219_n-1.jpg 1536w\" sizes=\"(max-width: 767px) 89vw, (max-width: 1000px) 54vw, (max-width: 1071px) 543px, 580px\" \/><\/figure>\n\n\n\n<figure class=\"wp-block-image size-large\"><img loading=\"lazy\" decoding=\"async\" width=\"1024\" height=\"768\" data-id=\"936\" src=\"https:\/\/osrodekpolanica.pl\/wp-content\/uploads\/2026\/01\/587117995_842487078371655_3853749794104784384_n-1024x768.jpg\" alt=\"\" class=\"wp-image-936\" srcset=\"https:\/\/osrodekpolanica.pl\/wp-content\/uploads\/2026\/01\/587117995_842487078371655_3853749794104784384_n-1024x768.jpg 1024w, https:\/\/osrodekpolanica.pl\/wp-content\/uploads\/2026\/01\/587117995_842487078371655_3853749794104784384_n-300x225.jpg 300w, https:\/\/osrodekpolanica.pl\/wp-content\/uploads\/2026\/01\/587117995_842487078371655_3853749794104784384_n-768x576.jpg 768w, https:\/\/osrodekpolanica.pl\/wp-content\/uploads\/2026\/01\/587117995_842487078371655_3853749794104784384_n-1536x1152.jpg 1536w, https:\/\/osrodekpolanica.pl\/wp-content\/uploads\/2026\/01\/587117995_842487078371655_3853749794104784384_n.jpg 2048w\" sizes=\"(max-width: 767px) 89vw, (max-width: 1000px) 54vw, (max-width: 1071px) 543px, 580px\" \/><\/figure>\n\n\n\n<figure class=\"wp-block-image size-large\"><img loading=\"lazy\" decoding=\"async\" width=\"1024\" height=\"768\" data-id=\"937\" src=\"https:\/\/osrodekpolanica.pl\/wp-content\/uploads\/2026\/01\/593437148_848207724466257_3478250852248384585_n-1024x768.jpg\" alt=\"\" class=\"wp-image-937\" srcset=\"https:\/\/osrodekpolanica.pl\/wp-content\/uploads\/2026\/01\/593437148_848207724466257_3478250852248384585_n-1024x768.jpg 1024w, https:\/\/osrodekpolanica.pl\/wp-content\/uploads\/2026\/01\/593437148_848207724466257_3478250852248384585_n-300x225.jpg 300w, https:\/\/osrodekpolanica.pl\/wp-content\/uploads\/2026\/01\/593437148_848207724466257_3478250852248384585_n-768x576.jpg 768w, https:\/\/osrodekpolanica.pl\/wp-content\/uploads\/2026\/01\/593437148_848207724466257_3478250852248384585_n-1536x1152.jpg 1536w, https:\/\/osrodekpolanica.pl\/wp-content\/uploads\/2026\/01\/593437148_848207724466257_3478250852248384585_n.jpg 2048w\" sizes=\"(max-width: 767px) 89vw, (max-width: 1000px) 54vw, (max-width: 1071px) 543px, 580px\" \/><\/figure>\n<\/figure>\n","protected":false},"excerpt":{"rendered":"<p>Szko\u0142a Przysposabiaj\u0105ca do Pracy jest trzyletni\u0105 szko\u0142\u0105, kt\u00f3rej uko\u0144czenie umo\u017cliwia uzyskanie \u015bwiadectwa potwierdzaj\u0105cego przysposobienie do pracy.<\/p>\n","protected":false},"author":1,"featured_media":0,"parent":0,"menu_order":0,"comment_status":"closed","ping_status":"closed","template":"","meta":{"footnotes":""},"class_list":["post-931","page","type-page","status-publish","hentry"],"_links":{"self":[{"href":"https:\/\/osrodekpolanica.pl\/index.php?rest_route=\/wp\/v2\/pages\/931","targetHints":{"allow":["GET"]}}],"collection":[{"href":"https:\/\/osrodekpolanica.pl\/index.php?rest_route=\/wp\/v2\/pages"}],"about":[{"href":"https:\/\/osrodekpolanica.pl\/index.php?rest_route=\/wp\/v2\/types\/page"}],"author":[{"embeddable":true,"href":"https:\/\/osrodekpolanica.pl\/index.php?rest_route=\/wp\/v2\/users\/1"}],"replies":[{"embeddable":true,"href":"https:\/\/osrodekpolanica.pl\/index.php?rest_route=%2Fwp%2Fv2%2Fcomments&post=931"}],"version-history":[{"count":3,"href":"https:\/\/osrodekpolanica.pl\/index.php?rest_route=\/wp\/v2\/pages\/931\/revisions"}],"predecessor-version":[{"id":1037,"href":"https:\/\/osrodekpolanica.pl\/index.php?rest_route=\/wp\/v2\/pages\/931\/revisions\/1037"}],"wp:attachment":[{"href":"https:\/\/osrodekpolanica.pl\/index.php?rest_route=%2Fwp%2Fv2%2Fmedia&parent=931"}],"curies":[{"name":"wp","href":"https:\/\/api.w.org\/{rel}","templated":true}]}}